{"id":265,"date":"2023-08-28T09:47:48","date_gmt":"2023-08-28T13:47:48","guid":{"rendered":"https:\/\/garderiecreation.com\/services\/"},"modified":"2023-12-06T14:05:27","modified_gmt":"2023-12-06T19:05:27","slug":"services","status":"publish","type":"page","link":"https:\/\/garderiecreation.com\/en\/services\/","title":{"rendered":"Services"},"content":{"rendered":"<section class=\"l-section wpb_row height_medium\" id=\"educational-program\"><div class=\"l-section-h i-cf\"><div class=\"g-cols vc_row via_grid cols_1 laptops-cols_inherit tablets-cols_inherit mobiles-cols_1 valign_top type_default stacking_default\"><div class=\"wpb_column vc_column_container\"><div class=\"vc_column-inner\"><div class=\"g-cols wpb_row via_grid cols_2 laptops-cols_inherit tablets-cols_inherit mobiles-cols_1 valign_top type_default stacking_default\" style=\"--gap:3rem;--laptops-gap:3rem;--tablets-gap:3rem;--mobiles-gap:1.5rem;\"><div class=\"wpb_column vc_column_container\"><div class=\"vc_column-inner\"><h4 class=\"w-text us_custom_15b622e1 has_text_color\"><span class=\"w-text-h\"><span class=\"w-text-value\">Our services<\/span><\/span><\/h4><h2 class=\"w-text\"><span class=\"w-text-h\"><span class=\"w-text-value\">Educational Program<\/span><\/span><\/h2><div class=\"wpb_text_column us_custom_a2ebf4ae\"><div class=\"wpb_wrapper\"><p>Our mission is to foster the holistic development of children from an early age, encompassing their social, linguistic, motor, and cognitive skills. We achieve this through experiential learning, encompassing play, music, art, and physical activities, all while adhering to the educational guidelines set by the Ministry of Family. Stablishing a consistent routine by our educators helps children navigate time, anticipate upcoming events, and seamlessly transition between activities. This approach also cultivates a sense of emotional security for the children.<\/p>\n<p>Furthermore, aiming to create synergy among diverse groups and children of all ages, our pedagogical counselor selects a comprehensive monthly theme for the daycare. This theme is embraced by all, tailored to different levels, encouraging teamwork, fostering a sense of belonging, and helping children establish connections and recognition among their peers. Les enfants, par leur implication spontan\u00e9e et dirig\u00e9e, cr\u00e9\u00e9s un attachement et une reconnaissance envers leur pair.<\/p>\n<\/div><\/div><\/div><\/div><div class=\"wpb_column vc_column_container\"><div class=\"vc_column-inner\"><div class=\"w-vwrapper float-box align_none valign_top\" style=\"--vwrapper-gap:0px\"><div class=\"w-image us_custom_187c41dd float-element left-right align_none\"><div class=\"w-image-h\"><img decoding=\"async\" src=\"https:\/\/garderiecreation.com\/wp-content\/uploads\/traits-vert.svg\" class=\"attachment-null size-null\" alt=\"\" \/><\/div><\/div><div class=\"w-image us_custom_8f99c761 float-element up-down align_none\"><div class=\"w-image-h\"><img decoding=\"async\" src=\"https:\/\/garderiecreation.com\/wp-content\/uploads\/curve-bleu.svg\" class=\"attachment-null size-null\" alt=\"\" \/><\/div><\/div><div class=\"w-image align_none\"><div class=\"w-image-h\"><img decoding=\"async\" src=\"https:\/\/garderiecreation.com\/wp-content\/uploads\/blobanimation.svg\" class=\"attachment-null size-null\" alt=\"\" \/><\/div><\/div><div class=\"w-image us_custom_c99edc0e align_none\"><div class=\"w-image-h\"><img loading=\"lazy\" decoding=\"async\" width=\"1060\" height=\"764\" src=\"https:\/\/garderiecreation.com\/wp-content\/uploads\/programme-educatif.png\" class=\"attachment-null size-null\" alt=\"\" \/><\/div><\/div><\/div><\/div><\/div><\/div><div class=\"g-cols wpb_row via_grid cols_1 laptops-cols_inherit tablets-cols_inherit mobiles-cols_1 valign_top type_default stacking_default\" style=\"--gap:3rem;\"><div class=\"wpb_column vc_column_container stretched\"><div class=\"vc_column-inner\"><div class=\"w-image us_custom_7144e15e float-element align_none\"><div class=\"w-image-h\"><img decoding=\"async\" src=\"https:\/\/garderiecreation.com\/wp-content\/uploads\/rond-jaune.svg\" class=\"attachment-large size-large\" alt=\"\" \/><\/div><\/div><\/div><\/div><\/div><div class=\"g-cols wpb_row us_custom_981cf5d4 via_grid cols_2 laptops-cols_inherit tablets-cols_inherit mobiles-cols_1 valign_top type_default stacking_default\" style=\"--gap:3rem;--laptops-gap:3rem;--tablets-gap:3rem;--mobiles-gap:1.5rem;\"><div class=\"wpb_column vc_column_container\"><div class=\"vc_column-inner\"><div class=\"w-hwrapper valign_top align_none\" style=\"--hwrapper-gap:1rem\"><div class=\"w-image style_circle align_none\"><a ref=\"magnificPopup\" href=\"https:\/\/garderiecreation.com\/wp-content\/uploads\/programme-educatif-enfants-ballon.jpg\" aria-label=\"programme-educatif-enfants-ballon\" class=\"w-image-h\"><img loading=\"lazy\" decoding=\"async\" width=\"520\" height=\"704\" src=\"https:\/\/garderiecreation.com\/wp-content\/uploads\/programme-educatif-enfants-ballon.jpg\" class=\"attachment-full size-full\" alt=\"\" \/><\/a><\/div><div class=\"w-image style_circle align_none\"><a ref=\"magnificPopup\" href=\"https:\/\/garderiecreation.com\/wp-content\/uploads\/programme-educatif-enfants-experience.jpg\" aria-label=\"programme-educatif-enfants-experience\" class=\"w-image-h\"><img loading=\"lazy\" decoding=\"async\" width=\"796\" height=\"704\" src=\"https:\/\/garderiecreation.com\/wp-content\/uploads\/programme-educatif-enfants-experience.jpg\" class=\"attachment-full size-full\" alt=\"\" \/><\/a><\/div><\/div><\/div><\/div><div class=\"wpb_column vc_column_container\"><div class=\"vc_column-inner\"><div class=\"wpb_text_column\"><div class=\"wpb_wrapper\"><p>The collaboration between our educators, parents, and the educational daycare supervisor cultivates a serene environment for children to thrive in. To facilitate this, we employ a secure and comprehensive mobile application that enables private, fast, and efficient communication through message, photo, and video exchange.<\/p>\n<p>Lastly, a parent advisory committee is elected every year, wherein five members can engage in discussions with the educational daycare supervisor regarding the implementation of the educational program. Topics covered include the acquisition and use of educational materials and equipment, spatial layout and furnishings, services provided, and complaint resolution. The insights from these discussions are then shared with all other parents.<\/p>\n<p>Enfin, des activit\u00e9s ludiques parents-enfants seront anim\u00e9es par un professionnel en plein air tout le long de l\u2019ann\u00e9e, ce qui favorisera l\u2019ouverture vers les autres et l\u2019esprit de communaut\u00e9.<\/p>\n<\/div><\/div><\/div><\/div><\/div><\/div><\/div><\/div><\/div><\/section><section class=\"l-section wpb_row us_custom_c9d1b64c height_medium color_alternate with_shape\" id=\"meals\"><div class=\"l-section-shape type_custom pos_top\" style=\"height:225px;color:var(--color-header-middle-bg)\"><?xml version=\"1.0\" encoding=\"UTF-8\"?>\n<svg id=\"Layer_1\" data-name=\"Layer 1\" xmlns=\"http:\/\/www.w3.org\/2000\/svg\" viewBox=\"0 0 1920 229.79\">\n  <path id=\"Rectangle\" d=\"m0,0h1920v229.79s-232.37-133.79-448.22-114.53c-264.15,23.57-230.66,44.89-470.41,26.57-251.24-19.2-259.94-79.18-511.57-101.63C261.43,19.82,0,93.53,0,93.53V0Z\" fill=\"#fff8ee\" stroke-width=\"0\"\/>\n<\/svg><\/div><div class=\"l-section-h i-cf\"><div class=\"g-cols vc_row via_grid cols_1 laptops-cols_inherit tablets-cols_inherit mobiles-cols_1 valign_top type_default stacking_default\"><div class=\"wpb_column vc_column_container\"><div class=\"vc_column-inner\"><div class=\"g-cols wpb_row l-section-h via_grid cols_2 laptops-cols_inherit tablets-cols_inherit mobiles-cols_1 valign_top type_default stacking_default\" style=\"--gap:3rem;--laptops-gap:3rem;--tablets-gap:3rem;--mobiles-gap:1.5rem;\"><div class=\"wpb_column vc_column_container\"><div class=\"vc_column-inner\"><h2 class=\"w-text\"><span class=\"w-text-h\"><span class=\"w-text-value\">Meals<\/span><\/span><\/h2><div class=\"wpb_text_column\"><div class=\"wpb_wrapper\"><p>The meals we provide adhere to the Canadian Food Guide including two daily snacks and a warm lunch.<\/p>\n<p>We consider each child\u2019s individual needs through attentive catering services that accommodate special dietary requirements and allergies.<\/p>\n<p>Mealtime offers opportunities for children to explore new flavours, textures, and aromas, fostering linguistic and motor development. We encourage Baby-Led Weaning (BLW) in the infant class to promote self-feeding and develop their independence.<\/p>\n<\/div><\/div><\/div><\/div><div class=\"wpb_column vc_column_container\"><div class=\"vc_column-inner\"><div class=\"w-hwrapper valign_top align_none\" style=\"--hwrapper-gap:1rem\"><div class=\"w-image style_circle align_none\"><a ref=\"magnificPopup\" href=\"https:\/\/garderiecreation.com\/wp-content\/uploads\/bebe-repas.jpg\" aria-label=\"bebe-repas\" class=\"w-image-h\"><img loading=\"lazy\" decoding=\"async\" width=\"725\" height=\"450\" src=\"https:\/\/garderiecreation.com\/wp-content\/uploads\/bebe-repas.jpg\" class=\"attachment-us_800_450_crop size-us_800_450_crop\" alt=\"\" \/><\/a><\/div><div class=\"w-image style_circle align_none\"><a ref=\"magnificPopup\" href=\"https:\/\/garderiecreation.com\/wp-content\/uploads\/bebes-repas.jpg\" aria-label=\"bebes-repas\" class=\"w-image-h\"><img loading=\"lazy\" decoding=\"async\" width=\"500\" height=\"442\" src=\"https:\/\/garderiecreation.com\/wp-content\/uploads\/bebes-repas.jpg\" class=\"attachment-us_500_450_crop size-us_500_450_crop\" alt=\"\" \/><\/a><\/div><\/div><div class=\"w-separator size_custom\" style=\"height:1rem\"><\/div><div class=\"w-hwrapper valign_top align_none\" style=\"--hwrapper-gap:1rem\"><div class=\"w-image style_circle align_none\"><a ref=\"magnificPopup\" href=\"https:\/\/garderiecreation.com\/wp-content\/uploads\/enfant-heureux-repas.jpg\" aria-label=\"enfant-heureux-repas\" class=\"w-image-h\"><img loading=\"lazy\" decoding=\"async\" width=\"500\" height=\"444\" src=\"https:\/\/garderiecreation.com\/wp-content\/uploads\/enfant-heureux-repas.jpg\" class=\"attachment-us_500_450_crop size-us_500_450_crop\" alt=\"\" \/><\/a><\/div><div class=\"w-image style_circle align_none\"><a ref=\"magnificPopup\" href=\"https:\/\/garderiecreation.com\/wp-content\/uploads\/groupe-enfant-repas.jpg\" aria-label=\"groupe-enfant-repas\" class=\"w-image-h\"><img loading=\"lazy\" decoding=\"async\" width=\"723\" height=\"450\" src=\"https:\/\/garderiecreation.com\/wp-content\/uploads\/groupe-enfant-repas.jpg\" class=\"attachment-us_800_450_crop size-us_800_450_crop\" alt=\"\" \/><\/a><\/div><\/div><div class=\"w-image us_custom_7d1ee933 float-element align_none\"><div class=\"w-image-h\"><img decoding=\"async\" src=\"https:\/\/garderiecreation.com\/wp-content\/uploads\/spirale-jaune.svg\" class=\"attachment-null size-null\" alt=\"\" \/><\/div><\/div><\/div><\/div><\/div><\/div><\/div><\/div><\/div><\/section><section class=\"l-section wpb_row us_custom_0db20381 height_medium color_alternate\" id=\"motor-skills-room\"><div class=\"l-section-h i-cf\"><div class=\"g-cols vc_row via_grid cols_1 laptops-cols_inherit tablets-cols_inherit mobiles-cols_1 valign_top type_default stacking_default\"><div class=\"wpb_column vc_column_container\"><div class=\"vc_column-inner\"><div class=\"g-cols wpb_row us_custom_a2ebf4ae via_grid cols_2 laptops-cols_inherit tablets-cols_inherit mobiles-cols_1 valign_top type_default reversed stacking_default\" style=\"--gap:3rem;--laptops-gap:3rem;--tablets-gap:3rem;--mobiles-gap:1.5rem;\"><div class=\"wpb_column vc_column_container\"><div class=\"vc_column-inner\"><div class=\"w-hwrapper valign_top align_none\" style=\"--hwrapper-gap:1rem\"><div class=\"w-image style_circle align_none\"><a ref=\"magnificPopup\" href=\"https:\/\/garderiecreation.com\/wp-content\/uploads\/jeux-activites-04.jpg\" aria-label=\"jeux-activites-04\" class=\"w-image-h\"><img loading=\"lazy\" decoding=\"async\" width=\"740\" height=\"450\" src=\"https:\/\/garderiecreation.com\/wp-content\/uploads\/jeux-activites-04.jpg\" class=\"attachment-us_800_450_crop size-us_800_450_crop\" alt=\"\" \/><\/a><\/div><div class=\"w-image style_circle align_none\"><a ref=\"magnificPopup\" href=\"https:\/\/garderiecreation.com\/wp-content\/uploads\/salle-motricite-tapis.jpg\" aria-label=\"salle-motricite-tapis\" class=\"w-image-h\"><img loading=\"lazy\" decoding=\"async\" width=\"500\" height=\"442\" src=\"https:\/\/garderiecreation.com\/wp-content\/uploads\/salle-motricite-tapis.jpg\" class=\"attachment-us_500_450_crop size-us_500_450_crop\" alt=\"\" \/><\/a><\/div><\/div><div class=\"w-separator size_custom\" style=\"height:1rem\"><\/div><div class=\"w-hwrapper valign_top align_none\" style=\"--hwrapper-gap:1rem\"><div class=\"w-image style_circle align_none\"><a ref=\"magnificPopup\" href=\"https:\/\/garderiecreation.com\/wp-content\/uploads\/salle-motricite-jeux.jpg\" aria-label=\"salle-motricite-jeux\" class=\"w-image-h\"><img loading=\"lazy\" decoding=\"async\" width=\"785\" height=\"450\" src=\"https:\/\/garderiecreation.com\/wp-content\/uploads\/salle-motricite-jeux.jpg\" class=\"attachment-us_800_450_crop size-us_800_450_crop\" alt=\"\" \/><\/a><\/div><\/div><\/div><\/div><div class=\"wpb_column vc_column_container\"><div class=\"vc_column-inner\"><h2 class=\"w-text\"><span class=\"w-text-h\"><span class=\"w-text-value\">Motor Skills Room<\/span><\/span><\/h2><div class=\"wpb_text_column\"><div class=\"wpb_wrapper\"><p>Children have the privilege of accessing a motor skills room where they engage in a variety of activities such as music, theatre, yoga, and various sports led by educators or specialized instructors.<\/p>\n<p>Our motor skills room is equipped to promote movement and enhance fine and gross motor skills for all age levels. It\u2019s a space where emotional, cognitive, and social capacities of children are stimulated.<\/p>\n<\/div><\/div><\/div><\/div><\/div><div class=\"w-image us_custom_59fb5426 float-element align_none\"><div class=\"w-image-h\"><img decoding=\"async\" src=\"https:\/\/garderiecreation.com\/wp-content\/uploads\/points-bleu.svg\" class=\"attachment-null size-null\" alt=\"\" \/><\/div><\/div><\/div><\/div><\/div><\/div><\/section><section class=\"l-section wpb_row height_auto width_full\"><div class=\"l-section-h i-cf\"><div class=\"g-cols vc_row via_grid cols_1 laptops-cols_inherit tablets-cols_inherit mobiles-cols_1 valign_top type_default stacking_default\"><div class=\"wpb_column vc_column_container\"><div class=\"vc_column-inner\"><div class=\"w-image align_none\"><div class=\"w-image-h\"><img loading=\"lazy\" decoding=\"async\" width=\"1920\" height=\"1014\" src=\"https:\/\/garderiecreation.com\/wp-content\/uploads\/educatrice-parachute-enfants.jpg\" class=\"attachment-null size-null\" alt=\"\" \/><\/div><\/div><\/div><\/div><\/div><\/div><\/section><section class=\"l-section wpb_row us_custom_34336ff3 height_medium color_alternate\" id=\"outdoor-playground\"><div class=\"l-section-h i-cf\"><div class=\"g-cols vc_row via_grid cols_1 laptops-cols_inherit tablets-cols_inherit mobiles-cols_1 valign_top type_default stacking_default\"><div class=\"wpb_column vc_column_container\"><div class=\"vc_column-inner\"><div class=\"g-cols wpb_row via_grid cols_2 laptops-cols_inherit tablets-cols_inherit mobiles-cols_1 valign_top type_default stacking_default\" style=\"--gap:3rem;\"><div class=\"wpb_column vc_column_container\"><div class=\"vc_column-inner\"><h2 class=\"w-text us_custom_4e55af8d has_text_color\"><span class=\"w-text-h\"><span class=\"w-text-value\">Outdoor Playground<\/span><\/span><\/h2><div class=\"wpb_text_column\"><div class=\"wpb_wrapper\"><p>In our spacious outdoor playground, children will discover an array of games and play structures that enrich their imagination, enhance their movement abilities, and strengthen their social sphere. Additionally, outdoor activities encourage an active and healthy lifestyle, boosting their self-confidence and self-esteem.<\/p>\n<\/div><\/div><\/div><\/div><div class=\"wpb_column vc_column_container\"><div class=\"vc_column-inner\"><div class=\"w-hwrapper valign_top align_none\" style=\"--hwrapper-gap:1rem\"><div class=\"w-image style_circle align_none\"><a ref=\"magnificPopup\" href=\"https:\/\/garderiecreation.com\/wp-content\/uploads\/groupe-enfants-jeux-eau-e1701800914104.jpg\" aria-label=\"groupe-enfants-jeux-eau\" class=\"w-image-h\"><img loading=\"lazy\" decoding=\"async\" width=\"704\" height=\"437\" src=\"https:\/\/garderiecreation.com\/wp-content\/uploads\/groupe-enfants-jeux-eau-e1701800914104.jpg\" class=\"attachment-us_800_450_crop size-us_800_450_crop\" alt=\"\" \/><\/a><\/div><div class=\"w-image style_circle align_none\"><a ref=\"magnificPopup\" href=\"https:\/\/garderiecreation.com\/wp-content\/uploads\/fillette-amuse-tunnel.jpg\" aria-label=\"fillette-amuse-tunnel\" class=\"w-image-h\"><img loading=\"lazy\" decoding=\"async\" width=\"494\" height=\"437\" src=\"https:\/\/garderiecreation.com\/wp-content\/uploads\/fillette-amuse-tunnel.jpg\" class=\"attachment-us_500_450_crop size-us_500_450_crop\" alt=\"\" \/><\/a><\/div><\/div><\/div><\/div><\/div><div class=\"w-separator size_custom\" style=\"height:1rem\"><\/div><div class=\"g-cols wpb_row via_grid cols_2 laptops-cols_inherit tablets-cols_inherit mobiles-cols_1 valign_top type_default stacking_default\" style=\"--gap:3rem;--laptops-gap:3rem;--tablets-gap:3rem;--mobiles-gap:1.5rem;\"><div class=\"wpb_column vc_column_container\"><div class=\"vc_column-inner\"><div class=\"w-hwrapper valign_top align_none\" style=\"--hwrapper-gap:1rem\"><div class=\"w-image style_circle align_none\"><a ref=\"magnificPopup\" href=\"https:\/\/garderiecreation.com\/wp-content\/uploads\/enfant-mange-collation.jpg\" aria-label=\"enfants-mange-collation\" class=\"w-image-h\"><img loading=\"lazy\" decoding=\"async\" width=\"494\" height=\"438\" src=\"https:\/\/garderiecreation.com\/wp-content\/uploads\/enfant-mange-collation.jpg\" class=\"attachment-us_500_450_crop size-us_500_450_crop\" alt=\"\" \/><\/a><\/div><div class=\"w-image style_circle align_none\"><a ref=\"magnificPopup\" href=\"https:\/\/garderiecreation.com\/wp-content\/uploads\/cours-exterieure-01.jpg\" aria-label=\"cours-exterieure-01\" class=\"w-image-h\"><img loading=\"lazy\" decoding=\"async\" width=\"725\" height=\"450\" src=\"https:\/\/garderiecreation.com\/wp-content\/uploads\/cours-exterieure-01.jpg\" class=\"attachment-us_800_450_crop size-us_800_450_crop\" alt=\"\" \/><\/a><\/div><\/div><\/div><\/div><div class=\"wpb_column vc_column_container\"><div class=\"vc_column-inner\"><div class=\"w-hwrapper valign_top align_none\" style=\"--hwrapper-gap:1rem\"><div class=\"w-image style_circle align_none\"><a ref=\"magnificPopup\" href=\"https:\/\/garderiecreation.com\/wp-content\/uploads\/enfant-amuse-collier-billes.jpg\" aria-label=\"enfant-amuse-collier-billes\" class=\"w-image-h\"><img loading=\"lazy\" decoding=\"async\" width=\"426\" height=\"438\" src=\"https:\/\/garderiecreation.com\/wp-content\/uploads\/enfant-amuse-collier-billes.jpg\" class=\"attachment-us_500_450_crop size-us_500_450_crop\" alt=\"\" \/><\/a><\/div><div class=\"w-image style_circle align_none\"><a ref=\"magnificPopup\" href=\"https:\/\/garderiecreation.com\/wp-content\/uploads\/enfants-peinture.jpg\" aria-label=\"enfants-peinture\" class=\"w-image-h\"><img loading=\"lazy\" decoding=\"async\" width=\"773\" height=\"438\" src=\"https:\/\/garderiecreation.com\/wp-content\/uploads\/enfants-peinture.jpg\" class=\"attachment-us_800_450_crop size-us_800_450_crop\" alt=\"\" \/><\/a><\/div><\/div><div class=\"w-image us_custom_29aa6034 float-element align_none\"><div class=\"w-image-h\"><img decoding=\"async\" src=\"https:\/\/garderiecreation.com\/wp-content\/uploads\/cercle-rouge.svg\" class=\"attachment-null size-null\" alt=\"\" \/><\/div><\/div><\/div><\/div><\/div><\/div><\/div><\/div><\/div><\/section>\n","protected":false},"excerpt":{"rendered":"Our servicesEducational ProgramOur mission is to foster the holistic development of children from an early age, encompassing their social, linguistic, motor, and cognitive skills. We achieve this through experiential learning, encompassing play, music, art, and physical activities, all while adhering to the educational guidelines set by the Ministry of Family. Stablishing a consistent routine by...","protected":false},"author":1,"featured_media":0,"parent":0,"menu_order":0,"comment_status":"closed","ping_status":"closed","template":"","meta":{"footnotes":""},"class_list":["post-265","page","type-page","status-publish","hentry"],"yoast_head":"<!-- This site is optimized with the Yoast SEO plugin v21.6 - https:\/\/yoast.com\/wordpress\/plugins\/seo\/ -->\n<title>Services - Garderie Acad\u00e9mie Cr\u00e9ation<\/title>\n<meta name=\"robots\" content=\"index, follow, max-snippet:-1, max-image-preview:large, max-video-preview:-1\" \/>\n<link rel=\"canonical\" href=\"https:\/\/garderiecreation.com\/en\/services\/\" \/>\n<meta property=\"og:locale\" content=\"en_US\" \/>\n<meta property=\"og:type\" content=\"article\" \/>\n<meta property=\"og:title\" content=\"Services - Garderie Acad\u00e9mie Cr\u00e9ation\" \/>\n<meta property=\"og:url\" content=\"https:\/\/garderiecreation.com\/en\/services\/\" \/>\n<meta property=\"og:site_name\" content=\"Garderie Acad\u00e9mie Cr\u00e9ation\" \/>\n<meta property=\"article:modified_time\" content=\"2023-12-06T19:05:27+00:00\" \/>\n<meta name=\"twitter:card\" content=\"summary_large_image\" \/>\n<meta name=\"twitter:label1\" content=\"Est. reading time\" \/>\n\t<meta name=\"twitter:data1\" content=\"8 minutes\" \/>\n<script type=\"application\/ld+json\" class=\"yoast-schema-graph\">{\"@context\":\"https:\/\/schema.org\",\"@graph\":[{\"@type\":\"WebPage\",\"@id\":\"https:\/\/garderiecreation.com\/en\/services\/\",\"url\":\"https:\/\/garderiecreation.com\/en\/services\/\",\"name\":\"Services - Garderie Acad\u00e9mie Cr\u00e9ation\",\"isPartOf\":{\"@id\":\"https:\/\/garderiecreation.com\/en\/#website\"},\"datePublished\":\"2023-08-28T13:47:48+00:00\",\"dateModified\":\"2023-12-06T19:05:27+00:00\",\"breadcrumb\":{\"@id\":\"https:\/\/garderiecreation.com\/en\/services\/#breadcrumb\"},\"inLanguage\":\"en-CA\",\"potentialAction\":[{\"@type\":\"ReadAction\",\"target\":[\"https:\/\/garderiecreation.com\/en\/services\/\"]}]},{\"@type\":\"BreadcrumbList\",\"@id\":\"https:\/\/garderiecreation.com\/en\/services\/#breadcrumb\",\"itemListElement\":[{\"@type\":\"ListItem\",\"position\":1,\"name\":\"Accueil\",\"item\":\"https:\/\/garderiecreation.com\/en\/home\/\"},{\"@type\":\"ListItem\",\"position\":2,\"name\":\"Services\"}]},{\"@type\":\"WebSite\",\"@id\":\"https:\/\/garderiecreation.com\/en\/#website\",\"url\":\"https:\/\/garderiecreation.com\/en\/\",\"name\":\"Garderie Acad\u00e9mie Cr\u00e9ation\",\"description\":\"\",\"potentialAction\":[{\"@type\":\"SearchAction\",\"target\":{\"@type\":\"EntryPoint\",\"urlTemplate\":\"https:\/\/garderiecreation.com\/en\/?s={search_term_string}\"},\"query-input\":\"required name=search_term_string\"}],\"inLanguage\":\"en-CA\"}]}<\/script>\n<!-- \/ Yoast SEO plugin. -->","yoast_head_json":{"title":"Services - Garderie Acad\u00e9mie Cr\u00e9ation","robots":{"index":"index","follow":"follow","max-snippet":"max-snippet:-1","max-image-preview":"max-image-preview:large","max-video-preview":"max-video-preview:-1"},"canonical":"https:\/\/garderiecreation.com\/en\/services\/","og_locale":"en_US","og_type":"article","og_title":"Services - Garderie Acad\u00e9mie Cr\u00e9ation","og_url":"https:\/\/garderiecreation.com\/en\/services\/","og_site_name":"Garderie Acad\u00e9mie Cr\u00e9ation","article_modified_time":"2023-12-06T19:05:27+00:00","twitter_card":"summary_large_image","twitter_misc":{"Est. reading time":"8 minutes"},"schema":{"@context":"https:\/\/schema.org","@graph":[{"@type":"WebPage","@id":"https:\/\/garderiecreation.com\/en\/services\/","url":"https:\/\/garderiecreation.com\/en\/services\/","name":"Services - Garderie Acad\u00e9mie Cr\u00e9ation","isPartOf":{"@id":"https:\/\/garderiecreation.com\/en\/#website"},"datePublished":"2023-08-28T13:47:48+00:00","dateModified":"2023-12-06T19:05:27+00:00","breadcrumb":{"@id":"https:\/\/garderiecreation.com\/en\/services\/#breadcrumb"},"inLanguage":"en-CA","potentialAction":[{"@type":"ReadAction","target":["https:\/\/garderiecreation.com\/en\/services\/"]}]},{"@type":"BreadcrumbList","@id":"https:\/\/garderiecreation.com\/en\/services\/#breadcrumb","itemListElement":[{"@type":"ListItem","position":1,"name":"Accueil","item":"https:\/\/garderiecreation.com\/en\/home\/"},{"@type":"ListItem","position":2,"name":"Services"}]},{"@type":"WebSite","@id":"https:\/\/garderiecreation.com\/en\/#website","url":"https:\/\/garderiecreation.com\/en\/","name":"Garderie Acad\u00e9mie Cr\u00e9ation","description":"","potentialAction":[{"@type":"SearchAction","target":{"@type":"EntryPoint","urlTemplate":"https:\/\/garderiecreation.com\/en\/?s={search_term_string}"},"query-input":"required name=search_term_string"}],"inLanguage":"en-CA"}]}},"_links":{"self":[{"href":"https:\/\/garderiecreation.com\/en\/wp-json\/wp\/v2\/pages\/265","targetHints":{"allow":["GET"]}}],"collection":[{"href":"https:\/\/garderiecreation.com\/en\/wp-json\/wp\/v2\/pages"}],"about":[{"href":"https:\/\/garderiecreation.com\/en\/wp-json\/wp\/v2\/types\/page"}],"author":[{"embeddable":true,"href":"https:\/\/garderiecreation.com\/en\/wp-json\/wp\/v2\/users\/1"}],"replies":[{"embeddable":true,"href":"https:\/\/garderiecreation.com\/en\/wp-json\/wp\/v2\/comments?post=265"}],"version-history":[{"count":2,"href":"https:\/\/garderiecreation.com\/en\/wp-json\/wp\/v2\/pages\/265\/revisions"}],"predecessor-version":[{"id":1883,"href":"https:\/\/garderiecreation.com\/en\/wp-json\/wp\/v2\/pages\/265\/revisions\/1883"}],"wp:attachment":[{"href":"https:\/\/garderiecreation.com\/en\/wp-json\/wp\/v2\/media?parent=265"}],"curies":[{"name":"wp","href":"https:\/\/api.w.org\/{rel}","templated":true}]}}